{"id":71,"date":"2017-06-05T15:22:51","date_gmt":"2017-06-05T12:22:51","guid":{"rendered":"http:\/\/localhost\/ilmajoenvuokratalot\/?page_id=71"},"modified":"2025-10-28T14:56:18","modified_gmt":"2025-10-28T12:56:18","slug":"asumisohje","status":"publish","type":"page","link":"https:\/\/ilmajoenvuokratalot.fi\/wp\/asuminen\/asumisohje\/","title":{"rendered":"Asuminen"},"content":{"rendered":"<h2>Opas asumiseen<\/h2>\n<p>T\u00e4st\u00e4 oppaasta l\u00f6yd\u00e4t tietoa asumiseen asunnoissamme. Jos et l\u00f6yd\u00e4 vastausta kysymykseesi, voit olla yhteydess\u00e4 toimistoomme s\u00e4hk\u00f6postilla, puhelimella tai vaikka tekstiviestill\u00e4. Vastaamme sinulle mahdollisimman pian yhteydenottomuodosta riippuen.<\/p>\n<p>Kaikki ohjeet eiv\u00e4t koske sellaisenaan opiskelija-asunnossa asuvia. Soluasunnossa asukkaan vastuulla on oma huone ja jaetusti kaikkien asujien kesken yhteiset tilat. Soluasunnossa on t\u00e4rke\u00e4\u00e4 huomioida muut asukkaat sek\u00e4 keskustella ja sopia asukastovereiden kesken yhteiset pelis\u00e4\u00e4nn\u00f6t, jotta asuminen olisi kaikille mukava kokemus.<\/p>\n<h2>Vuokrasopimus ja vuokra-aika<\/h2>\n<p>Vuokrasopimus tehd\u00e4\u00e4n joko m\u00e4\u00e4r\u00e4aikaiseksi tai toistaiseksi voimassaolevaksi. Vuokrasopimus allekirjoitetaan is\u00e4nn\u00f6intitoimistolla, osoitteessa Ilkantie 18. Vuokrasopimuksen allekirjoittavat kaikki vuokralaiseksi tulevat osapuolet, joita koskee velvollisuus maksujen suorittamisesta. Alaik\u00e4isen vuokrasopimuksen allekirjoittavat vuokralainen ja h\u00e4nen huoltaja. Otteen talonkirjasta (asumistukia varten) saa tarvittaessa mukaan toimistolta.<br \/>\nAllekirjoitetun vuokrasopimuksen my\u00f6t\u00e4 vuokralainen sitoutuu noudattamaan huoneenvuokralakia, vuokrasopimuksen ehtoja ja j\u00e4rjestyss\u00e4\u00e4nt\u00f6j\u00e4.<\/p>\n<p>Asuntoon voi saada avaimet ja muuttaa vuokrasopimuksen alkamisp\u00e4iv\u00e4n\u00e4. Poikkeustapauksista keskustellaan erikseen.<\/p>\n<h2>Vakuusmaksu<\/h2>\n<p>Vakuusmaksu pit\u00e4\u00e4 olla maksettuna ennen avainten luovutusta ja vuokrasopimuksen alkamista. Tarvittaessa todisteena voi tulostaa maksupalvelusta kuitin. Rahan siirtoon voi varata aikaa noin 3 arkip\u00e4iv\u00e4\u00e4. Vakuusmaksun tilisiirto annetaan vuokrasopimuksen allekirjoituksen yhteydess\u00e4 ja er\u00e4p\u00e4iv\u00e4 on noin viikko ennen muuttop\u00e4iv\u00e4\u00e4. T\u00e4m\u00e4 takaa tarpeeksi aikaa rahan siirtymiselle tililt\u00e4 toiselle. Maksamatta j\u00e4\u00e4nyt vakuus on riitt\u00e4v\u00e4 peruste vuokrasopimuksen purkamiselle.<\/p>\n<p>Vuokravakuuden suuruus on yhden kuukauden vuokra.<\/p>\n<p>Vakuus on sen varalta, jos vuokralainen ei huolehdi vuokran maksusta tai aiheuttaa asunnossa korjaustoimenpiteit\u00e4 vaativia vaurioita. N\u00e4in ollen vuokranantajalla on oikeus k\u00e4ytt\u00e4\u00e4 vuokravakuus vahinkojen kattamiseen. Vuokralainen ei vastaa asunnon tavallisesta kulumisesta, kuten seiniin tehdyt rei\u00e4t taulujen kiinnityst\u00e4 varten tai huonekalujen kiinnitt\u00e4minen. On kuitenkin hyv\u00e4 aina pyyt\u00e4\u00e4 lupa yhti\u00f6n edustajalta ennen kuin seiniin tehd\u00e4\u00e4n reiki\u00e4. Jos vakuus ei ole riitt\u00e4v\u00e4 tappioiden kattamiseen, on vuokranantajalla oikeus peri\u00e4 vuokralaiselta loputkin vahingosta aiheutuneet kustannukset.<\/p>\n<p>Vakuus palautetaan asukkaalle kahden kuukauden kuluessa poismuutosta.<\/p>\n","protected":false},"excerpt":{"rendered":"<p>Opas asumiseen T\u00e4st\u00e4 oppaasta l\u00f6yd\u00e4t tietoa asumiseen asunnoissamme. Jos et l\u00f6yd\u00e4 vastausta kysymykseesi, voit olla yhteydess\u00e4 toimistoomme s\u00e4hk\u00f6postilla, puhelimella tai vaikka tekstiviestill\u00e4. Vastaamme sinulle mahdollisimman pian yhteydenottomuodosta riippuen. Kaikki ohjeet eiv\u00e4t koske sellaisenaan opiskelija-asunnossa asuvia. Soluasunnossa asukkaan vastuulla on oma huone ja jaetusti kaikkien asujien kesken yhteiset tilat. Soluasunnossa on t\u00e4rke\u00e4\u00e4 huomioida muut asukkaat sek\u00e4 &hellip; <a href=\"https:\/\/ilmajoenvuokratalot.fi\/wp\/asuminen\/asumisohje\/\" class=\"more-link\">Continue reading <span class=\"screen-reader-text\">Asuminen<\/span><\/a><\/p>\n","protected":false},"author":1,"featured_media":0,"parent":222,"menu_order":10,"comment_status":"closed","ping_status":"closed","template":"","meta":{"_acf_changed":false,"footnotes":""},"class_list":["post-71","page","type-page","status-publish","hentry"],"acf":[],"_links":{"self":[{"href":"https:\/\/ilmajoenvuokratalot.fi\/wp\/wp-json\/wp\/v2\/pages\/71","targetHints":{"allow":["GET"]}}],"collection":[{"href":"https:\/\/ilmajoenvuokratalot.fi\/wp\/wp-json\/wp\/v2\/pages"}],"about":[{"href":"https:\/\/ilmajoenvuokratalot.fi\/wp\/wp-json\/wp\/v2\/types\/page"}],"author":[{"embeddable":true,"href":"https:\/\/ilmajoenvuokratalot.fi\/wp\/wp-json\/wp\/v2\/users\/1"}],"replies":[{"embeddable":true,"href":"https:\/\/ilmajoenvuokratalot.fi\/wp\/wp-json\/wp\/v2\/comments?post=71"}],"version-history":[{"count":26,"href":"https:\/\/ilmajoenvuokratalot.fi\/wp\/wp-json\/wp\/v2\/pages\/71\/revisions"}],"predecessor-version":[{"id":3217,"href":"https:\/\/ilmajoenvuokratalot.fi\/wp\/wp-json\/wp\/v2\/pages\/71\/revisions\/3217"}],"up":[{"embeddable":true,"href":"https:\/\/ilmajoenvuokratalot.fi\/wp\/wp-json\/wp\/v2\/pages\/222"}],"wp:attachment":[{"href":"https:\/\/ilmajoenvuokratalot.fi\/wp\/wp-json\/wp\/v2\/media?parent=71"}],"curies":[{"name":"wp","href":"https:\/\/api.w.org\/{rel}","templated":true}]}}